{"id":966,"date":"2020-09-15T09:52:33","date_gmt":"2020-09-15T07:52:33","guid":{"rendered":"http:\/\/192.168.123.202\/AM\/index.php\/projects\/"},"modified":"2024-12-09T12:28:46","modified_gmt":"2024-12-09T11:28:46","slug":"projekte","status":"publish","type":"page","link":"https:\/\/aweronet-medical.de\/index.php\/projekte\/","title":{"rendered":"Projekte"},"content":{"rendered":"\n<div class=\"wp-block-cover alignfull is-light has-parallax\" style=\"min-height:513px;aspect-ratio:unset;\"><span aria-hidden=\"true\" class=\"wp-block-cover__background has-ast-global-color-2-background-color has-background-dim-50 has-background-dim\"><\/span><div class=\"wp-block-cover__image-background wp-image-1299 has-parallax\" style=\"background-position:50% 50%;background-image:url(https:\/\/aweronet-medical.de\/wp-content\/uploads\/2022\/02\/projekte_Header.png)\"><\/div><div class=\"wp-block-cover__inner-container is-layout-flow wp-block-cover-is-layout-flow\">\n<h1 class=\"wp-block-heading has-text-align-center has-white-color has-text-color\">Projekte<\/h1>\n\n\n\n<p class=\"has-text-align-center has-ast-global-color-7-color has-text-color has-link-color has-large-font-size wp-elements-c747041df7189fef6389c6b600ac4e5e\"><strong>Ein OP ist ein OP, oder etwa nicht?<\/strong><\/p>\n<\/div><\/div>\n\n\n\n<div class=\"wp-block-group alignfull has-ast-global-color-5-background-color has-background is-layout-flow wp-block-group-is-layout-flow\">\n<p class=\"has-text-align-center\">Jede Raumsituation ist unterschiedlich und erfordert daher ein H\u00f6chstma\u00df an Erfahrung, Vorstellungskraft und intelligentem Know-how, um optimale Ergebnisse bei der Installation von Bildbetrachtungsger\u00e4ten oder PCs zu erzielen. Dabei ist oft unsere ganze Kreativit\u00e4t gefragt, denn L\u00f6sungen von der Stange sind in vielen F\u00e4llen nicht ausreichend.<\/p>\n\n\n\n<div class=\"wp-block-columns are-vertically-aligned-center is-layout-flex wp-container-core-columns-is-layout-28f84493 wp-block-columns-is-layout-flex\">\n<div class=\"wp-block-column is-vertically-aligned-center is-layout-flow wp-block-column-is-layout-flow\">\n<figure class=\"wp-block-image size-full\"><img loading=\"lazy\" decoding=\"async\" width=\"590\" height=\"400\" src=\"https:\/\/aweronet-medical.de\/wp-content\/uploads\/2022\/02\/projekte_sendenhorst1.png\" alt=\"aweronet medical, Projekte, Sendenhorst, clinvision4242\" class=\"wp-image-1301\" srcset=\"https:\/\/aweronet-medical.de\/wp-content\/uploads\/2022\/02\/projekte_sendenhorst1.png 590w, https:\/\/aweronet-medical.de\/wp-content\/uploads\/2022\/02\/projekte_sendenhorst1-300x203.png 300w\" sizes=\"auto, (max-width: 590px) 100vw, 590px\" \/><\/figure>\n\n\n\n<h4 class=\"wp-block-heading\">St. Josef-Stift<\/h4>\n\n\n\n<p>Ausgestattete OPs: 7<br>Eingebaute Produkte: 14 CLINVISION 4242GT, 6 CLINVISION 24GT<\/p>\n\n\n\n<h4 class=\"wp-block-heading\">Weitere Impressionen aus Sendenhorst, Deutschland:<\/h4>\n\n\n\n<figure class=\"wp-block-gallery has-nested-images columns-default is-cropped wp-block-gallery-1 is-layout-flex wp-block-gallery-is-layout-flex\">\n<figure class=\"wp-block-image size-medium\"><a href=\"https:\/\/aweronet-medical.de\/wp-content\/uploads\/2022\/02\/projekte_sendenhorst2.png\"><img loading=\"lazy\" decoding=\"async\" width=\"300\" height=\"203\" data-id=\"1322\" src=\"https:\/\/aweronet-medical.de\/wp-content\/uploads\/2022\/02\/projekte_sendenhorst2-300x203.png\" alt=\"aweronet medical, Projekte, Sendenhorst\" class=\"wp-image-1322\" srcset=\"https:\/\/aweronet-medical.de\/wp-content\/uploads\/2022\/02\/projekte_sendenhorst2-300x203.png 300w, https:\/\/aweronet-medical.de\/wp-content\/uploads\/2022\/02\/projekte_sendenhorst2.png 590w\" sizes=\"auto, (max-width: 300px) 100vw, 300px\" \/><\/a><\/figure>\n\n\n\n<figure class=\"wp-block-image size-medium\"><a href=\"https:\/\/aweronet-medical.de\/wp-content\/uploads\/2022\/02\/projekte_sendenhorst3.png\"><img loading=\"lazy\" decoding=\"async\" width=\"300\" height=\"203\" data-id=\"1323\" src=\"https:\/\/aweronet-medical.de\/wp-content\/uploads\/2022\/02\/projekte_sendenhorst3-300x203.png\" alt=\"aweronet medical, Projekte, Sendenhorst\" class=\"wp-image-1323\" srcset=\"https:\/\/aweronet-medical.de\/wp-content\/uploads\/2022\/02\/projekte_sendenhorst3-300x203.png 300w, https:\/\/aweronet-medical.de\/wp-content\/uploads\/2022\/02\/projekte_sendenhorst3.png 590w\" sizes=\"auto, (max-width: 300px) 100vw, 300px\" \/><\/a><\/figure>\n<\/figure>\n<\/div>\n\n\n\n<div class=\"wp-block-column is-vertically-aligned-center is-layout-flow wp-block-column-is-layout-flow\">\n<figure class=\"wp-block-image size-full\"><img loading=\"lazy\" decoding=\"async\" width=\"590\" height=\"400\" src=\"https:\/\/aweronet-medical.de\/wp-content\/uploads\/2022\/02\/projekte_wuerzburg1.png\" alt=\"aweronet medical, Projekte, W\u00fcrzburg\" class=\"wp-image-1314\" srcset=\"https:\/\/aweronet-medical.de\/wp-content\/uploads\/2022\/02\/projekte_wuerzburg1.png 590w, https:\/\/aweronet-medical.de\/wp-content\/uploads\/2022\/02\/projekte_wuerzburg1-300x203.png 300w\" sizes=\"auto, (max-width: 590px) 100vw, 590px\" \/><\/figure>\n\n\n\n<h4 class=\"wp-block-heading\">Orthop\u00e4dische Klinik K\u00f6nig-Ludwig-Haus<\/h4>\n\n\n\n<p>Ausgestattete OPs: 5<br>Eingebaute Produkte: 5 CLINVISION 42GT, 1 CLINVISION 4224GT, 2 CLINVIEW 27GT<\/p>\n\n\n\n<h4 class=\"wp-block-heading\">Weitere Impressionen aus W\u00fcrzburg, Deutschland:<\/h4>\n\n\n\n<figure class=\"wp-block-gallery has-nested-images columns-default is-cropped wp-block-gallery-2 is-layout-flex wp-block-gallery-is-layout-flex\">\n<figure class=\"wp-block-image size-medium\"><a href=\"https:\/\/aweronet-medical.de\/wp-content\/uploads\/2022\/02\/projekte_wuerzburg2.png\"><img loading=\"lazy\" decoding=\"async\" width=\"300\" height=\"203\" data-id=\"1324\" src=\"https:\/\/aweronet-medical.de\/wp-content\/uploads\/2022\/02\/projekte_wuerzburg2-300x203.png\" alt=\"aweronet medical, Projekte, W\u00fcrzburg\" class=\"wp-image-1324\" srcset=\"https:\/\/aweronet-medical.de\/wp-content\/uploads\/2022\/02\/projekte_wuerzburg2-300x203.png 300w, https:\/\/aweronet-medical.de\/wp-content\/uploads\/2022\/02\/projekte_wuerzburg2.png 590w\" sizes=\"auto, (max-width: 300px) 100vw, 300px\" \/><\/a><\/figure>\n\n\n\n<figure class=\"wp-block-image size-medium\"><a href=\"https:\/\/aweronet-medical.de\/wp-content\/uploads\/2022\/02\/projekte_wuerzburg3.png\"><img loading=\"lazy\" decoding=\"async\" width=\"300\" height=\"203\" data-id=\"1325\" src=\"https:\/\/aweronet-medical.de\/wp-content\/uploads\/2022\/02\/projekte_wuerzburg3-300x203.png\" alt=\"aweronet medical, Projekte, W\u00fcrzburg\" class=\"wp-image-1325\" srcset=\"https:\/\/aweronet-medical.de\/wp-content\/uploads\/2022\/02\/projekte_wuerzburg3-300x203.png 300w, https:\/\/aweronet-medical.de\/wp-content\/uploads\/2022\/02\/projekte_wuerzburg3.png 590w\" sizes=\"auto, (max-width: 300px) 100vw, 300px\" \/><\/a><\/figure>\n<\/figure>\n<\/div>\n<\/div>\n\n\n\n<hr class=\"wp-block-separator has-text-color has-ast-global-color-0-color has-css-opacity has-ast-global-color-0-background-color has-background alignwide is-style-default\"\/>\n\n\n\n<div class=\"wp-block-columns are-vertically-aligned-center is-layout-flex wp-container-core-columns-is-layout-28f84493 wp-block-columns-is-layout-flex\">\n<div class=\"wp-block-column is-vertically-aligned-center is-layout-flow wp-block-column-is-layout-flow\">\n<figure class=\"wp-block-image size-full\"><img loading=\"lazy\" decoding=\"async\" width=\"590\" height=\"400\" src=\"https:\/\/aweronet-medical.de\/wp-content\/uploads\/2022\/02\/projekte_hildesheim1.png\" alt=\"aweronet medical, Projekte, Hildesheim\" class=\"wp-image-1339\" srcset=\"https:\/\/aweronet-medical.de\/wp-content\/uploads\/2022\/02\/projekte_hildesheim1.png 590w, https:\/\/aweronet-medical.de\/wp-content\/uploads\/2022\/02\/projekte_hildesheim1-300x203.png 300w\" sizes=\"auto, (max-width: 590px) 100vw, 590px\" \/><\/figure>\n\n\n\n<h4 class=\"wp-block-heading\">St. Bernward Krankenhaus<\/h4>\n\n\n\n<p>Ausgestattete OPs: 9<br>Eingebaute Produkte: 9 CLINVISION 42GT<\/p>\n\n\n\n<h4 class=\"wp-block-heading\">Weitere Impressionen aus Hildesheim, Deutschland:<\/h4>\n\n\n\n<figure class=\"wp-block-gallery has-nested-images columns-default is-cropped wp-block-gallery-3 is-layout-flex wp-block-gallery-is-layout-flex\">\n<figure class=\"wp-block-image size-medium\"><a href=\"https:\/\/aweronet-medical.de\/wp-content\/uploads\/2022\/02\/projekte_hildesheim3.png\"><img loading=\"lazy\" decoding=\"async\" width=\"300\" height=\"203\" data-id=\"1347\" src=\"https:\/\/aweronet-medical.de\/wp-content\/uploads\/2022\/02\/projekte_hildesheim3-300x203.png\" alt=\"aweronet medical, Projekte, Hildesheim\" class=\"wp-image-1347\" srcset=\"https:\/\/aweronet-medical.de\/wp-content\/uploads\/2022\/02\/projekte_hildesheim3-300x203.png 300w, https:\/\/aweronet-medical.de\/wp-content\/uploads\/2022\/02\/projekte_hildesheim3.png 590w\" sizes=\"auto, (max-width: 300px) 100vw, 300px\" \/><\/a><\/figure>\n\n\n\n<figure class=\"wp-block-image size-medium\"><a href=\"https:\/\/aweronet-medical.de\/wp-content\/uploads\/2022\/02\/projekte_hildesheim2.png\"><img loading=\"lazy\" decoding=\"async\" width=\"300\" height=\"203\" data-id=\"1349\" src=\"https:\/\/aweronet-medical.de\/wp-content\/uploads\/2022\/02\/projekte_hildesheim2-300x203.png\" alt=\"aweronet medical, Projekte, Hildesheim\" class=\"wp-image-1349\" srcset=\"https:\/\/aweronet-medical.de\/wp-content\/uploads\/2022\/02\/projekte_hildesheim2-300x203.png 300w, https:\/\/aweronet-medical.de\/wp-content\/uploads\/2022\/02\/projekte_hildesheim2.png 590w\" sizes=\"auto, (max-width: 300px) 100vw, 300px\" \/><\/a><\/figure>\n<\/figure>\n<\/div>\n\n\n\n<div class=\"wp-block-column is-vertically-aligned-center is-layout-flow wp-block-column-is-layout-flow\">\n<figure class=\"wp-block-image size-full\"><img loading=\"lazy\" decoding=\"async\" width=\"590\" height=\"400\" src=\"https:\/\/aweronet-medical.de\/wp-content\/uploads\/2022\/02\/projekte_madeira1.png\" alt=\"aweronet medical, Projekte, Madeira\" class=\"wp-image-1341\" srcset=\"https:\/\/aweronet-medical.de\/wp-content\/uploads\/2022\/02\/projekte_madeira1.png 590w, https:\/\/aweronet-medical.de\/wp-content\/uploads\/2022\/02\/projekte_madeira1-300x203.png 300w\" sizes=\"auto, (max-width: 590px) 100vw, 590px\" \/><\/figure>\n\n\n\n<h4 class=\"wp-block-heading\">Centro Hospitalar do Funchal<\/h4>\n\n\n\n<p>Ausgestattete OPs: 2<br>Eingebaute Produkte: 1 CLINVISION 24GT, 1 CLINVISION 42GTD<\/p>\n\n\n\n<h4 class=\"wp-block-heading\">Weitere Impressionen aus Funchal, Madeira, Portugal:<\/h4>\n\n\n\n<figure class=\"wp-block-gallery has-nested-images columns-default is-cropped wp-block-gallery-4 is-layout-flex wp-block-gallery-is-layout-flex\">\n<figure class=\"wp-block-image size-medium\"><a href=\"https:\/\/aweronet-medical.de\/wp-content\/uploads\/2022\/02\/projekte_madeira2.png\"><img loading=\"lazy\" decoding=\"async\" width=\"300\" height=\"203\" data-id=\"1350\" src=\"https:\/\/aweronet-medical.de\/wp-content\/uploads\/2022\/02\/projekte_madeira2-300x203.png\" alt=\"aweronet medical, Projekte, Madeira\" class=\"wp-image-1350\" srcset=\"https:\/\/aweronet-medical.de\/wp-content\/uploads\/2022\/02\/projekte_madeira2-300x203.png 300w, https:\/\/aweronet-medical.de\/wp-content\/uploads\/2022\/02\/projekte_madeira2.png 590w\" sizes=\"auto, (max-width: 300px) 100vw, 300px\" \/><\/a><\/figure>\n\n\n\n<figure class=\"wp-block-image size-medium\"><a href=\"https:\/\/aweronet-medical.de\/wp-content\/uploads\/2022\/02\/projekte_madeira3.png\"><img loading=\"lazy\" decoding=\"async\" width=\"300\" height=\"203\" data-id=\"1351\" src=\"https:\/\/aweronet-medical.de\/wp-content\/uploads\/2022\/02\/projekte_madeira3-300x203.png\" alt=\"aweronet medical, Projekte, Madeira\" class=\"wp-image-1351\" srcset=\"https:\/\/aweronet-medical.de\/wp-content\/uploads\/2022\/02\/projekte_madeira3-300x203.png 300w, https:\/\/aweronet-medical.de\/wp-content\/uploads\/2022\/02\/projekte_madeira3.png 590w\" sizes=\"auto, (max-width: 300px) 100vw, 300px\" \/><\/a><\/figure>\n<\/figure>\n<\/div>\n<\/div>\n\n\n\n<hr class=\"wp-block-separator has-text-color has-ast-global-color-0-color has-css-opacity has-ast-global-color-0-background-color has-background alignwide\"\/>\n\n\n\n<div class=\"wp-block-columns are-vertically-aligned-center is-layout-flex wp-container-core-columns-is-layout-28f84493 wp-block-columns-is-layout-flex\">\n<div class=\"wp-block-column is-vertically-aligned-center is-layout-flow wp-block-column-is-layout-flow\">\n<figure class=\"wp-block-image size-full\"><img loading=\"lazy\" decoding=\"async\" width=\"590\" height=\"400\" src=\"https:\/\/aweronet-medical.de\/wp-content\/uploads\/2022\/02\/projekte_ulm1.png\" alt=\"aweronet medical, Projekte, Ulm\" class=\"wp-image-1343\" srcset=\"https:\/\/aweronet-medical.de\/wp-content\/uploads\/2022\/02\/projekte_ulm1.png 590w, https:\/\/aweronet-medical.de\/wp-content\/uploads\/2022\/02\/projekte_ulm1-300x203.png 300w\" sizes=\"auto, (max-width: 590px) 100vw, 590px\" \/><\/figure>\n\n\n\n<h4 class=\"wp-block-heading\">Bundeswehrkrankenhaus Ulm<\/h4>\n\n\n\n<p>Ausgestattete OPs: 6<br>Eingebaute Produkte: 6 CLINVISION 2424GT<\/p>\n<\/div>\n\n\n\n<div class=\"wp-block-column is-vertically-aligned-center is-layout-flow wp-block-column-is-layout-flow\">\n<figure class=\"wp-block-image size-full\"><img loading=\"lazy\" decoding=\"async\" width=\"590\" height=\"400\" src=\"https:\/\/aweronet-medical.de\/wp-content\/uploads\/2022\/02\/projekte_wittmund1.png\" alt=\"aweronet medical, Projekte, Wittmund\" class=\"wp-image-1345\" srcset=\"https:\/\/aweronet-medical.de\/wp-content\/uploads\/2022\/02\/projekte_wittmund1.png 590w, https:\/\/aweronet-medical.de\/wp-content\/uploads\/2022\/02\/projekte_wittmund1-300x203.png 300w\" sizes=\"auto, (max-width: 590px) 100vw, 590px\" \/><\/figure>\n\n\n\n<h4 class=\"wp-block-heading\">Krankenhaus Wittmund<\/h4>\n\n\n\n<p>Ausgestattete OPs: 9<br>Eingebaute Produkte: 9 CLINVISION 42GT <\/p>\n<\/div>\n<\/div>\n<\/div>\n\n\n\n<div class=\"wp-block-group alignfull has-ast-global-color-4-background-color has-background is-layout-flow wp-block-group-is-layout-flow\">\n<div class=\"wp-block-columns are-vertically-aligned-center is-layout-flex wp-container-core-columns-is-layout-28f84493 wp-block-columns-is-layout-flex\">\n<div class=\"wp-block-column is-vertically-aligned-center is-layout-flow wp-block-column-is-layout-flow\" style=\"flex-basis:66.66%\">\n<h3 class=\"wp-block-heading has-text-align-center\">Haben wir Ihr Interesse geweckt?<\/h3>\n<\/div>\n\n\n\n<div class=\"wp-block-column is-vertically-aligned-center is-layout-flow wp-block-column-is-layout-flow\" style=\"flex-basis:33.33%\">\n<div class=\"wp-block-buttons is-horizontal is-content-justification-center is-layout-flex wp-container-core-buttons-is-layout-03627597 wp-block-buttons-is-layout-flex\">\n<div class=\"wp-block-button\"><a class=\"wp-block-button__link wp-element-button\" href=\"https:\/\/aweronet-medical.de\/index.php\/kontakt\/\" rel=\"#\">Nehmen Sie Kontakt auf.<\/a><\/div>\n<\/div>\n<\/div>\n<\/div>\n<\/div>\n","protected":false},"excerpt":{"rendered":"<p>Jede Raumsituation ist unterschiedlich und erfordert daher ein H\u00f6chstma\u00df an Erfahrung, Vorstellungskraft und intelligentem Know-how, um optimale Ergebnisse bei der Installation von Bildbetrachtungsger\u00e4ten oder PCs zu erzielen. Dabei ist oft unsere ganze Kreativit\u00e4t gefragt, denn L\u00f6sungen von der Stange sind in vielen F\u00e4llen nicht ausreichend. St. Josef-Stift Ausgestattete OPs: 7Eingebaute Produkte: 14 CLINVISION 4242GT, 6 [&hellip;]<\/p>\n","protected":false},"author":1,"featured_media":0,"parent":0,"menu_order":0,"comment_status":"closed","ping_status":"closed","template":"","meta":{"_uag_custom_page_level_css":"","site-sidebar-layout":"no-sidebar","site-content-layout":"plain-container","ast-site-content-layout":"normal-width-container","site-content-style":"unboxed","site-sidebar-style":"unboxed","ast-global-header-display":"","ast-banner-title-visibility":"","ast-main-header-display":"","ast-hfb-above-header-display":"","ast-hfb-below-header-display":"","ast-hfb-mobile-header-display":"","site-post-title":"disabled","ast-breadcrumbs-content":"","ast-featured-img":"disabled","footer-sml-layout":"","theme-transparent-header-meta":"enabled","adv-header-id-meta":"","stick-header-meta":"","header-above-stick-meta":"","header-main-stick-meta":"","header-below-stick-meta":"","astra-migrate-meta-layouts":"set","ast-page-background-enabled":"default","ast-page-background-meta":{"desktop":{"background-color":"","background-image":"","background-repeat":"repeat","background-position":"center center","background-size":"auto","background-attachment":"scroll","background-type":"","background-media":"","overlay-type":"","overlay-color":"","overlay-opacity":"","overlay-gradient":""},"tablet":{"background-color":"","background-image":"","background-repeat":"repeat","background-position":"center center","background-size":"auto","background-attachment":"scroll","background-type":"","background-media":"","overlay-type":"","overlay-color":"","overlay-opacity":"","overlay-gradient":""},"mobile":{"background-color":"","background-image":"","background-repeat":"repeat","background-position":"center center","background-size":"auto","background-attachment":"scroll","background-type":"","background-media":"","overlay-type":"","overlay-color":"","overlay-opacity":"","overlay-gradient":""}},"ast-content-background-meta":{"desktop":{"background-color":"var(--ast-global-color-5)","background-image":"","background-repeat":"repeat","background-position":"center center","background-size":"auto","background-attachment":"scroll","background-type":"","background-media":"","overlay-type":"","overlay-color":"","overlay-opacity":"","overlay-gradient":""},"tablet":{"background-color":"var(--ast-global-color-5)","background-image":"","background-repeat":"repeat","background-position":"center center","background-size":"auto","background-attachment":"scroll","background-type":"","background-media":"","overlay-type":"","overlay-color":"","overlay-opacity":"","overlay-gradient":""},"mobile":{"background-color":"var(--ast-global-color-5)","background-image":"","background-repeat":"repeat","background-position":"center center","background-size":"auto","background-attachment":"scroll","background-type":"","background-media":"","overlay-type":"","overlay-color":"","overlay-opacity":"","overlay-gradient":""}},"footnotes":""},"class_list":["post-966","page","type-page","status-publish","hentry"],"aioseo_notices":[],"uagb_featured_image_src":{"full":false,"thumbnail":false,"medium":false,"medium_large":false,"large":false,"gs-tiny":false,"xl":false,"xxl":false,"xxxl":false,"xxxxl":false,"xxxxxl":false,"1536x1536":false,"2048x2048":false,"woocommerce_thumbnail":false,"woocommerce_single":false,"woocommerce_gallery_thumbnail":false},"uagb_author_info":{"display_name":"am_user","author_link":"https:\/\/aweronet-medical.de\/index.php\/author\/am_user\/"},"uagb_comment_info":0,"uagb_excerpt":"Jede Raumsituation ist unterschiedlich und erfordert daher ein H\u00f6chstma\u00df an Erfahrung, Vorstellungskraft und intelligentem Know-how, um optimale Ergebnisse bei der Installation von Bildbetrachtungsger\u00e4ten oder PCs zu erzielen. Dabei ist oft unsere ganze Kreativit\u00e4t gefragt, denn L\u00f6sungen von der Stange sind in vielen F\u00e4llen nicht ausreichend. St. Josef-Stift Ausgestattete OPs: 7Eingebaute Produkte: 14 CLINVISION 4242GT, 6&hellip;","_links":{"self":[{"href":"https:\/\/aweronet-medical.de\/index.php\/wp-json\/wp\/v2\/pages\/966","targetHints":{"allow":["GET"]}}],"collection":[{"href":"https:\/\/aweronet-medical.de\/index.php\/wp-json\/wp\/v2\/pages"}],"about":[{"href":"https:\/\/aweronet-medical.de\/index.php\/wp-json\/wp\/v2\/types\/page"}],"author":[{"embeddable":true,"href":"https:\/\/aweronet-medical.de\/index.php\/wp-json\/wp\/v2\/users\/1"}],"replies":[{"embeddable":true,"href":"https:\/\/aweronet-medical.de\/index.php\/wp-json\/wp\/v2\/comments?post=966"}],"version-history":[{"count":34,"href":"https:\/\/aweronet-medical.de\/index.php\/wp-json\/wp\/v2\/pages\/966\/revisions"}],"predecessor-version":[{"id":1663,"href":"https:\/\/aweronet-medical.de\/index.php\/wp-json\/wp\/v2\/pages\/966\/revisions\/1663"}],"wp:attachment":[{"href":"https:\/\/aweronet-medical.de\/index.php\/wp-json\/wp\/v2\/media?parent=966"}],"curies":[{"name":"wp","href":"https:\/\/api.w.org\/{rel}","templated":true}]}}