{"id":1438,"date":"2022-02-09T14:08:21","date_gmt":"2022-02-09T13:08:21","guid":{"rendered":"http:\/\/192.168.123.202\/AM\/?page_id=1438"},"modified":"2025-09-25T09:42:47","modified_gmt":"2025-09-25T07:42:47","slug":"clinthink","status":"publish","type":"page","link":"https:\/\/aweronet-medical.de\/index.php\/clinthink\/","title":{"rendered":"CLINTHINK"},"content":{"rendered":"\n<div class=\"wp-block-cover alignfull has-parallax is-light\" style=\"min-height:513px;aspect-ratio:unset;\"><div class=\"wp-block-cover__image-background wp-image-1442 has-parallax\" style=\"background-position:50% 50%;background-image:url(https:\/\/aweronet-medical.de\/wp-content\/uploads\/2022\/02\/clinthink_Header.png)\"><\/div><span aria-hidden=\"true\" class=\"wp-block-cover__background has-ast-global-color-2-background-color has-background-dim-50 has-background-dim\"><\/span><div class=\"wp-block-cover__inner-container is-layout-flow wp-block-cover-is-layout-flow\">\n<h1 class=\"wp-block-heading has-text-align-center has-white-color has-text-color\">CLINTHINK<\/h1>\n\n\n\n<p class=\"has-text-align-center has-ast-global-color-7-color has-text-color has-link-color has-large-font-size wp-elements-59fff38aa26d475ab57d88e20439ecfe\"><strong>Medical All-in-One PCs<\/strong><\/p>\n<\/div><\/div>\n\n\n\n<div class=\"wp-block-group alignfull has-ast-global-color-5-background-color has-background is-layout-flow wp-block-group-is-layout-flow\">\n<div class=\"wp-block-columns are-vertically-aligned-center is-layout-flex wp-container-core-columns-is-layout-28f84493 wp-block-columns-is-layout-flex\">\n<div class=\"wp-block-column is-vertically-aligned-center is-layout-flow wp-block-column-is-layout-flow\">\n<h5 class=\"wp-block-heading\">Der Medical All-in-One PC f\u00fcr Diagnose &amp; Dokumentation in allem Bereichen.<\/h5>\n\n\n\n<h2 class=\"wp-block-heading\">Nicht nur optisch ein Highlight, <br>auch technisch unterst\u00fctzt der CLINTHINK angenehmes Arbeiten.<\/h2>\n\n\n\n<p>Vollst\u00e4ndig aus Aluminium gefr\u00e4st und optional mit einem Touchscreen versehen, zeichnen sich unsere Ger\u00e4te durch modernes Design und besonders energiesparende Technik aus.<\/p>\n\n\n\n<p>Die PCs aus der Reihe CLINTHINK wurden unter Beachtung der Schutzart IP65 und der Hygieneverordnung entwickelt. Anwendungsgebiete sind neben medizinischen Stationen auch Bereiche wie die An\u00e4sthesie, Intensiv- und OP-Dokumentation. <\/p>\n\n\n\n<p>Dank des Einsatzes von leistungsstarken Industriekomponenten bew\u00e4hrt sich der CLINTHINK durch eine hohe Performance bei gleichbleibender Stabilit\u00e4t .<br><\/p>\n<\/div>\n\n\n\n<div class=\"wp-block-column is-vertically-aligned-center is-layout-flow wp-block-column-is-layout-flow\">\n<div class=\"wp-block-columns is-layout-flex wp-container-core-columns-is-layout-28f84493 wp-block-columns-is-layout-flex\">\n<div class=\"wp-block-column is-layout-flow wp-block-column-is-layout-flow\">\n<figure class=\"wp-block-image size-large\"><img loading=\"lazy\" decoding=\"async\" width=\"1024\" height=\"768\" src=\"https:\/\/aweronet-medical.de\/wp-content\/uploads\/2022\/02\/ct9-1024x768.jpg\" alt=\"aweronet medical, CLINTHINK Medical PC\" class=\"wp-image-1466\" srcset=\"https:\/\/aweronet-medical.de\/wp-content\/uploads\/2022\/02\/ct9-1024x768.jpg 1024w, https:\/\/aweronet-medical.de\/wp-content\/uploads\/2022\/02\/ct9-300x225.jpg 300w, https:\/\/aweronet-medical.de\/wp-content\/uploads\/2022\/02\/ct9-768x576.jpg 768w, https:\/\/aweronet-medical.de\/wp-content\/uploads\/2022\/02\/ct9-1600x1200.jpg 1600w, https:\/\/aweronet-medical.de\/wp-content\/uploads\/2022\/02\/ct9-1536x1152.jpg 1536w, https:\/\/aweronet-medical.de\/wp-content\/uploads\/2022\/02\/ct9-2048x1536.jpg 2048w\" sizes=\"auto, (max-width: 1024px) 100vw, 1024px\" \/><\/figure>\n<\/div>\n<\/div>\n<\/div>\n<\/div>\n<\/div>\n\n\n\n<div class=\"wp-block-group alignfull has-ast-global-color-4-background-color has-background is-layout-flow wp-block-group-is-layout-flow\">\n<h5 class=\"wp-block-heading has-text-align-center\">CLINKTHINK &#8211; mehr als ein Medical PC.<br><\/h5>\n\n\n\n<h2 class=\"wp-block-heading has-text-align-center\">Unsere Argumente f\u00fcr CLINTHINK.<\/h2>\n\n\n\n<div class=\"wp-block-columns is-layout-flex wp-container-core-columns-is-layout-28f84493 wp-block-columns-is-layout-flex\">\n<div class=\"wp-block-column is-layout-flow wp-block-column-is-layout-flow\">\n<hr class=\"wp-block-separator has-text-color has-css-opacity has-background is-style-wide\" style=\"background-color:#e2e2e2;color:#e2e2e2\"\/>\n\n\n\n<div class=\"wp-block-columns is-layout-flex wp-container-core-columns-is-layout-28f84493 wp-block-columns-is-layout-flex\">\n<div class=\"wp-block-column is-layout-flow wp-block-column-is-layout-flow\">\n<figure class=\"wp-block-image aligncenter size-medium is-resized\"><img loading=\"lazy\" decoding=\"async\" width=\"231\" height=\"300\" src=\"https:\/\/aweronet-medical.de\/wp-content\/uploads\/2022\/01\/Icon_MPG-231x300.png\" alt=\"aweronet medical, Medizinprodukt, Klasse 1\" class=\"wp-image-1213\" style=\"width:116px;height:150px\" srcset=\"https:\/\/aweronet-medical.de\/wp-content\/uploads\/2022\/01\/Icon_MPG-231x300.png 231w, https:\/\/aweronet-medical.de\/wp-content\/uploads\/2022\/01\/Icon_MPG.png 667w\" sizes=\"auto, (max-width: 231px) 100vw, 231px\" \/><\/figure>\n<\/div>\n\n\n\n<div class=\"wp-block-column is-layout-flow wp-block-column-is-layout-flow\">\n<p><\/p>\n\n\n\n<p>Es handelt sich um ein Medizinprodukt der Klasse1.<\/p>\n<\/div>\n<\/div>\n\n\n\n<hr class=\"wp-block-separator has-text-color has-css-opacity has-background is-style-wide\" style=\"background-color:#e2e2e2;color:#e2e2e2\"\/>\n\n\n\n<div class=\"wp-block-columns is-layout-flex wp-container-core-columns-is-layout-28f84493 wp-block-columns-is-layout-flex\">\n<div class=\"wp-block-column is-layout-flow wp-block-column-is-layout-flow\">\n<figure class=\"wp-block-image aligncenter size-medium is-resized\"><img loading=\"lazy\" decoding=\"async\" width=\"231\" height=\"300\" src=\"https:\/\/aweronet-medical.de\/wp-content\/uploads\/2022\/01\/Icon_Industriekomponenten-231x300.png\" alt=\"aweronet medical, Industriekomponenten\" class=\"wp-image-1214\" style=\"width:116px;height:150px\" srcset=\"https:\/\/aweronet-medical.de\/wp-content\/uploads\/2022\/01\/Icon_Industriekomponenten-231x300.png 231w, https:\/\/aweronet-medical.de\/wp-content\/uploads\/2022\/01\/Icon_Industriekomponenten.png 667w\" sizes=\"auto, (max-width: 231px) 100vw, 231px\" \/><\/figure>\n<\/div>\n\n\n\n<div class=\"wp-block-column is-layout-flow wp-block-column-is-layout-flow\">\n<p><\/p>\n\n\n\n<p>Wir verwenden <strong>ausschlie\u00dflich<\/strong> Industriekomponenten.<\/p>\n<\/div>\n<\/div>\n\n\n\n<hr class=\"wp-block-separator has-text-color has-css-opacity has-background is-style-wide\" style=\"background-color:#e2e2e2;color:#e2e2e2\"\/>\n\n\n\n<div class=\"wp-block-columns is-layout-flex wp-container-core-columns-is-layout-28f84493 wp-block-columns-is-layout-flex\">\n<div class=\"wp-block-column is-layout-flow wp-block-column-is-layout-flow\">\n<figure class=\"wp-block-image aligncenter size-medium is-resized\"><img loading=\"lazy\" decoding=\"async\" width=\"231\" height=\"300\" src=\"https:\/\/aweronet-medical.de\/wp-content\/uploads\/2022\/04\/Icon_Eloxal-231x300.png\" alt=\"aweronet medical, eloxiert\" class=\"wp-image-1508\" style=\"width:116px;height:150px\" srcset=\"https:\/\/aweronet-medical.de\/wp-content\/uploads\/2022\/04\/Icon_Eloxal-231x300.png 231w, https:\/\/aweronet-medical.de\/wp-content\/uploads\/2022\/04\/Icon_Eloxal.png 667w\" sizes=\"auto, (max-width: 231px) 100vw, 231px\" \/><\/figure>\n<\/div>\n\n\n\n<div class=\"wp-block-column is-layout-flow wp-block-column-is-layout-flow\">\n<p><\/p>\n\n\n\n<p>Die eloxierte Aluminium-Oberfl\u00e4che<br>entspricht h\u00f6chsten Hygienestandards, welche durch ein Gutachten des Universit\u00e4tsklinikum Schleswig-Holstein belegt werden.<\/p>\n<\/div>\n<\/div>\n\n\n\n<hr class=\"wp-block-separator has-text-color has-css-opacity has-background is-style-wide\" style=\"background-color:#e2e2e2;color:#e2e2e2\"\/>\n\n\n\n<div class=\"wp-block-columns is-layout-flex wp-container-core-columns-is-layout-28f84493 wp-block-columns-is-layout-flex\">\n<div class=\"wp-block-column is-layout-flow wp-block-column-is-layout-flow\">\n<figure class=\"wp-block-image aligncenter size-medium is-resized\"><img loading=\"lazy\" decoding=\"async\" width=\"231\" height=\"300\" src=\"https:\/\/aweronet-medical.de\/wp-content\/uploads\/2022\/01\/Icon_24-7-231x300.png\" alt=\"aweronet medical, 24\/7\" class=\"wp-image-1228\" style=\"width:116px;height:150px\" srcset=\"https:\/\/aweronet-medical.de\/wp-content\/uploads\/2022\/01\/Icon_24-7-231x300.png 231w, https:\/\/aweronet-medical.de\/wp-content\/uploads\/2022\/01\/Icon_24-7.png 667w\" sizes=\"auto, (max-width: 231px) 100vw, 231px\" \/><\/figure>\n<\/div>\n\n\n\n<div class=\"wp-block-column is-layout-flow wp-block-column-is-layout-flow\">\n<p><\/p>\n\n\n\n<p>Optimal f\u00fcr den 24\/7-Dauerbetrieb geeignet.<\/p>\n<\/div>\n<\/div>\n<\/div>\n\n\n\n<div class=\"wp-block-column is-layout-flow wp-block-column-is-layout-flow\">\n<hr class=\"wp-block-separator has-text-color has-css-opacity has-background is-style-wide\" style=\"background-color:#e2e2e2;color:#e2e2e2\"\/>\n\n\n\n<div class=\"wp-block-columns is-layout-flex wp-container-core-columns-is-layout-28f84493 wp-block-columns-is-layout-flex\">\n<div class=\"wp-block-column is-layout-flow wp-block-column-is-layout-flow\">\n<figure class=\"wp-block-image aligncenter size-medium is-resized\"><img loading=\"lazy\" decoding=\"async\" width=\"231\" height=\"300\" src=\"https:\/\/aweronet-medical.de\/wp-content\/uploads\/2022\/01\/Icon_Sicherheitsglas-231x300.png\" alt=\"aweronet medical, Sicherheitsglas\" class=\"wp-image-1217\" style=\"width:116px;height:150px\" srcset=\"https:\/\/aweronet-medical.de\/wp-content\/uploads\/2022\/01\/Icon_Sicherheitsglas-231x300.png 231w, https:\/\/aweronet-medical.de\/wp-content\/uploads\/2022\/01\/Icon_Sicherheitsglas.png 667w\" sizes=\"auto, (max-width: 231px) 100vw, 231px\" \/><\/figure>\n<\/div>\n\n\n\n<div class=\"wp-block-column is-layout-flow wp-block-column-is-layout-flow\">\n<p><\/p>\n\n\n\n<p>Die Glasfront ist ein 3 mm ESG  entspiegeltes Sicherheitsglas und ist dadurch extrem bruchsicher.<\/p>\n<\/div>\n<\/div>\n\n\n\n<hr class=\"wp-block-separator has-text-color has-css-opacity has-background is-style-wide\" style=\"background-color:#e2e2e2;color:#e2e2e2\"\/>\n\n\n\n<div class=\"wp-block-columns is-layout-flex wp-container-core-columns-is-layout-28f84493 wp-block-columns-is-layout-flex\">\n<div class=\"wp-block-column is-layout-flow wp-block-column-is-layout-flow\">\n<figure class=\"wp-block-image aligncenter size-medium is-resized\"><img loading=\"lazy\" decoding=\"async\" width=\"231\" height=\"300\" src=\"https:\/\/aweronet-medical.de\/wp-content\/uploads\/2022\/01\/Icon_Alu-231x300.png\" alt=\"aweronet medical, Aluminium\" class=\"wp-image-1220\" style=\"width:116px;height:150px\" srcset=\"https:\/\/aweronet-medical.de\/wp-content\/uploads\/2022\/01\/Icon_Alu-231x300.png 231w, https:\/\/aweronet-medical.de\/wp-content\/uploads\/2022\/01\/Icon_Alu.png 667w\" sizes=\"auto, (max-width: 231px) 100vw, 231px\" \/><\/figure>\n<\/div>\n\n\n\n<div class=\"wp-block-column is-layout-flow wp-block-column-is-layout-flow\">\n<p><\/p>\n\n\n\n<p>Das Ger\u00e4t besteht komplett aus Aluminium, was eine optimale W\u00e4rmeabgabe gew\u00e4hrleistet.<\/p>\n<\/div>\n<\/div>\n\n\n\n<hr class=\"wp-block-separator has-text-color has-css-opacity has-background is-style-wide\" style=\"background-color:#e2e2e2;color:#e2e2e2\"\/>\n\n\n\n<div class=\"wp-block-columns is-layout-flex wp-container-core-columns-is-layout-28f84493 wp-block-columns-is-layout-flex\">\n<div class=\"wp-block-column is-layout-flow wp-block-column-is-layout-flow\">\n<figure class=\"wp-block-image aligncenter size-medium is-resized\"><img loading=\"lazy\" decoding=\"async\" width=\"231\" height=\"300\" src=\"https:\/\/aweronet-medical.de\/wp-content\/uploads\/2022\/02\/Icon_VESA-231x300.png\" alt=\"aweronet medical, VESA\" class=\"wp-image-1451\" style=\"width:116px;height:150px\" srcset=\"https:\/\/aweronet-medical.de\/wp-content\/uploads\/2022\/02\/Icon_VESA-231x300.png 231w, https:\/\/aweronet-medical.de\/wp-content\/uploads\/2022\/02\/Icon_VESA.png 667w\" sizes=\"auto, (max-width: 231px) 100vw, 231px\" \/><\/figure>\n<\/div>\n\n\n\n<div class=\"wp-block-column is-layout-flow wp-block-column-is-layout-flow\">\n<p><\/p>\n\n\n\n<p>Der VESA Standard f\u00fcr Halterungen erm\u00f6glicht eine schnelle Montage und flexible Monitoreinstellungen.<\/p>\n<\/div>\n<\/div>\n\n\n\n<hr class=\"wp-block-separator has-text-color has-css-opacity has-background is-style-wide\" style=\"background-color:#e2e2e2;color:#e2e2e2\"\/>\n\n\n\n<div class=\"wp-block-columns is-layout-flex wp-container-core-columns-is-layout-28f84493 wp-block-columns-is-layout-flex\">\n<div class=\"wp-block-column is-layout-flow wp-block-column-is-layout-flow\">\n<figure class=\"wp-block-image aligncenter size-medium is-resized\"><img loading=\"lazy\" decoding=\"async\" width=\"231\" height=\"300\" src=\"https:\/\/aweronet-medical.de\/wp-content\/uploads\/2022\/02\/Icon_Touch-231x300.png\" alt=\"aweronet medical, Touchscreen\" class=\"wp-image-1453\" style=\"width:116px;height:150px\" srcset=\"https:\/\/aweronet-medical.de\/wp-content\/uploads\/2022\/02\/Icon_Touch-231x300.png 231w, https:\/\/aweronet-medical.de\/wp-content\/uploads\/2022\/02\/Icon_Touch.png 667w\" sizes=\"auto, (max-width: 231px) 100vw, 231px\" \/><\/figure>\n<\/div>\n\n\n\n<div class=\"wp-block-column is-layout-flow wp-block-column-is-layout-flow\">\n<p><\/p>\n\n\n\n<p>Wahlweise auch mit Touchscreen erh\u00e4ltlich.<\/p>\n<\/div>\n<\/div>\n<\/div>\n<\/div>\n<\/div>\n\n\n\n<div class=\"wp-block-group alignfull has-ast-global-color-5-background-color has-background is-layout-flow wp-block-group-is-layout-flow\">\n<div class=\"wp-block-columns are-vertically-aligned-center is-layout-flex wp-container-core-columns-is-layout-28f84493 wp-block-columns-is-layout-flex\">\n<div class=\"wp-block-column is-vertically-aligned-center is-layout-flow wp-block-column-is-layout-flow\" style=\"flex-basis:66.66%\">\n<h2 class=\"wp-block-heading has-text-align-center\">Haben Sie noch Fragen?<\/h2>\n<\/div>\n\n\n\n<div class=\"wp-block-column is-vertically-aligned-center is-layout-flow wp-block-column-is-layout-flow\" style=\"flex-basis:33.33%\">\n<div class=\"wp-block-buttons is-horizontal is-content-justification-center is-layout-flex wp-container-core-buttons-is-layout-03627597 wp-block-buttons-is-layout-flex\">\n<div class=\"wp-block-button\"><a class=\"wp-block-button__link wp-element-button\" href=\"https:\/\/aweronet-medical.de\/index.php\/kontakt\/\" rel=\"#\">Nehmen Sie Kontakt auf.<\/a><\/div>\n<\/div>\n<\/div>\n<\/div>\n<\/div>\n","protected":false},"excerpt":{"rendered":"<p>Der Medical All-in-One PC f\u00fcr Diagnose &amp; Dokumentation in allem Bereichen. Nicht nur optisch ein Highlight, auch technisch unterst\u00fctzt der CLINTHINK angenehmes Arbeiten. Vollst\u00e4ndig aus Aluminium gefr\u00e4st und optional mit einem Touchscreen versehen, zeichnen sich unsere Ger\u00e4te durch modernes Design und besonders energiesparende Technik aus. Die PCs aus der Reihe CLINTHINK wurden unter Beachtung der [&hellip;]<\/p>\n","protected":false},"author":1,"featured_media":0,"parent":0,"menu_order":0,"comment_status":"closed","ping_status":"closed","template":"","meta":{"_uag_custom_page_level_css":"","site-sidebar-layout":"no-sidebar","site-content-layout":"plain-container","ast-site-content-layout":"normal-width-container","site-content-style":"unboxed","site-sidebar-style":"unboxed","ast-global-header-display":"","ast-banner-title-visibility":"","ast-main-header-display":"","ast-hfb-above-header-display":"","ast-hfb-below-header-display":"","ast-hfb-mobile-header-display":"","site-post-title":"disabled","ast-breadcrumbs-content":"","ast-featured-img":"disabled","footer-sml-layout":"","theme-transparent-header-meta":"enabled","adv-header-id-meta":"","stick-header-meta":"","header-above-stick-meta":"","header-main-stick-meta":"","header-below-stick-meta":"","astra-migrate-meta-layouts":"set","ast-page-background-enabled":"default","ast-page-background-meta":{"desktop":{"background-color":"","background-image":"","background-repeat":"repeat","background-position":"center center","background-size":"auto","background-attachment":"scroll","background-type":"","background-media":"","overlay-type":"","overlay-color":"","overlay-opacity":"","overlay-gradient":""},"tablet":{"background-color":"","background-image":"","background-repeat":"repeat","background-position":"center center","background-size":"auto","background-attachment":"scroll","background-type":"","background-media":"","overlay-type":"","overlay-color":"","overlay-opacity":"","overlay-gradient":""},"mobile":{"background-color":"","background-image":"","background-repeat":"repeat","background-position":"center center","background-size":"auto","background-attachment":"scroll","background-type":"","background-media":"","overlay-type":"","overlay-color":"","overlay-opacity":"","overlay-gradient":""}},"ast-content-background-meta":{"desktop":{"background-color":"var(--ast-global-color-5)","background-image":"","background-repeat":"repeat","background-position":"center center","background-size":"auto","background-attachment":"scroll","background-type":"","background-media":"","overlay-type":"","overlay-color":"","overlay-opacity":"","overlay-gradient":""},"tablet":{"background-color":"var(--ast-global-color-5)","background-image":"","background-repeat":"repeat","background-position":"center center","background-size":"auto","background-attachment":"scroll","background-type":"","background-media":"","overlay-type":"","overlay-color":"","overlay-opacity":"","overlay-gradient":""},"mobile":{"background-color":"var(--ast-global-color-5)","background-image":"","background-repeat":"repeat","background-position":"center center","background-size":"auto","background-attachment":"scroll","background-type":"","background-media":"","overlay-type":"","overlay-color":"","overlay-opacity":"","overlay-gradient":""}},"footnotes":""},"class_list":["post-1438","page","type-page","status-publish","hentry"],"aioseo_notices":[],"uagb_featured_image_src":{"full":false,"thumbnail":false,"medium":false,"medium_large":false,"large":false,"gs-tiny":false,"xl":false,"xxl":false,"xxxl":false,"xxxxl":false,"xxxxxl":false,"1536x1536":false,"2048x2048":false,"woocommerce_thumbnail":false,"woocommerce_single":false,"woocommerce_gallery_thumbnail":false},"uagb_author_info":{"display_name":"am_user","author_link":"https:\/\/aweronet-medical.de\/index.php\/author\/am_user\/"},"uagb_comment_info":0,"uagb_excerpt":"Der Medical All-in-One PC f\u00fcr Diagnose &amp; Dokumentation in allem Bereichen. Nicht nur optisch ein Highlight, auch technisch unterst\u00fctzt der CLINTHINK angenehmes Arbeiten. Vollst\u00e4ndig aus Aluminium gefr\u00e4st und optional mit einem Touchscreen versehen, zeichnen sich unsere Ger\u00e4te durch modernes Design und besonders energiesparende Technik aus. Die PCs aus der Reihe CLINTHINK wurden unter Beachtung der&hellip;","_links":{"self":[{"href":"https:\/\/aweronet-medical.de\/index.php\/wp-json\/wp\/v2\/pages\/1438","targetHints":{"allow":["GET"]}}],"collection":[{"href":"https:\/\/aweronet-medical.de\/index.php\/wp-json\/wp\/v2\/pages"}],"about":[{"href":"https:\/\/aweronet-medical.de\/index.php\/wp-json\/wp\/v2\/types\/page"}],"author":[{"embeddable":true,"href":"https:\/\/aweronet-medical.de\/index.php\/wp-json\/wp\/v2\/users\/1"}],"replies":[{"embeddable":true,"href":"https:\/\/aweronet-medical.de\/index.php\/wp-json\/wp\/v2\/comments?post=1438"}],"version-history":[{"count":17,"href":"https:\/\/aweronet-medical.de\/index.php\/wp-json\/wp\/v2\/pages\/1438\/revisions"}],"predecessor-version":[{"id":1757,"href":"https:\/\/aweronet-medical.de\/index.php\/wp-json\/wp\/v2\/pages\/1438\/revisions\/1757"}],"wp:attachment":[{"href":"https:\/\/aweronet-medical.de\/index.php\/wp-json\/wp\/v2\/media?parent=1438"}],"curies":[{"name":"wp","href":"https:\/\/api.w.org\/{rel}","templated":true}]}}