{"id":1403,"date":"2022-02-09T11:10:47","date_gmt":"2022-02-09T10:10:47","guid":{"rendered":"http:\/\/192.168.123.202\/AM\/?page_id=1403"},"modified":"2022-04-21T08:16:37","modified_gmt":"2022-04-21T06:16:37","slug":"stellenangebote","status":"publish","type":"page","link":"https:\/\/aweronet-medical.de\/index.php\/stellenangebote\/","title":{"rendered":"Stellenangebote"},"content":{"rendered":"\n<div class=\"wp-block-cover alignfull has-background-dim-50 has-ast-global-color-2-background-color has-background-dim has-parallax\" style=\"background-image:url(https:\/\/aweronet-medical.de\/wp-content\/uploads\/2022\/02\/Stellenangebote_Header.png);min-height:513px;aspect-ratio:unset;\"><div class=\"wp-block-cover__inner-container is-layout-flow wp-block-cover-is-layout-flow\">\n<h1 class=\"has-text-align-center has-white-color has-text-color wp-block-heading\">Stellenangebote<\/h1>\n\n\n\n<p class=\"has-text-align-center has-large-font-size\"><strong>Werden Sie Teil des Teams!<\/strong><\/p>\n<\/div><\/div>\n\n\n\n<div class=\"wp-block-group alignfull has-ast-global-color-5-background-color has-background is-layout-flow wp-block-group-is-layout-flow\">\n<p class=\"has-text-align-center\">Jede Situation ist unterschiedlich und erfordert daher ein H\u00f6chstma\u00df an Erfahrung, Vorstellungskraft und intelligentem Know-how, um optimale Ergebnisse zu erzielen. Dabei ist oft unsere ganze Kreativit\u00e4t gefragt, denn L\u00f6sungen von der Stange sind in vielen F\u00e4llen nicht ausreichend.<\/p>\n\n\n\n<p>Wir suchen Mitarbeiter die innovativ, praxisbezogen und pragmatisch arbeiten. Sie sind gew\u00f6hnt mit schwierigen und kopfzerbrechenden Gegebenheiten fertig zu werden? Dann sind Sie bei uns genau richtig. Wir freuen uns auf Ihre Bewerbung.<\/p>\n\n\n\n<table id=\"tablepress-2\" class=\"tablepress tablepress-id-2\">\n<thead>\n<tr class=\"row-1\">\n\t<th class=\"column-1\">Position<\/th><th class=\"column-2\">Beginn<\/th><td class=\"column-3\"><\/td>\n<\/tr>\n<\/thead>\n<tbody class=\"row-striping\">\n<tr class=\"row-2\">\n\t<td class=\"column-1\">Initiativbewerbung<\/td><td class=\"column-2\">nach Absprache<\/td><td class=\"column-3\"><a href=\"https:\/\/aweronet-medical.de\/index.php\/kontakt\/\" title=\"Kontakt\">Kontakt<\/a><\/td>\n<\/tr>\n<\/tbody>\n<\/table>\n<!-- #tablepress-2 from cache -->\n<\/div>\n\n\n\n<div class=\"wp-block-group alignfull has-ast-global-color-4-background-color has-background is-layout-flow wp-block-group-is-layout-flow\">\n<div class=\"wp-block-columns are-vertically-aligned-center is-layout-flex wp-container-core-columns-is-layout-28f84493 wp-block-columns-is-layout-flex\">\n<div class=\"wp-block-column is-vertically-aligned-center is-layout-flow wp-block-column-is-layout-flow\" style=\"flex-basis:66.66%\">\n<h3 class=\"has-text-align-center wp-block-heading\">Haben wir Ihr Interesse geweckt?<\/h3>\n<\/div>\n\n\n\n<div class=\"wp-block-column is-vertically-aligned-center is-layout-flow wp-block-column-is-layout-flow\" style=\"flex-basis:33.33%\">\n<div class=\"wp-block-buttons is-content-justification-center is-layout-flex wp-block-buttons-is-layout-flex\">\n<div class=\"wp-block-button\"><a class=\"wp-block-button__link\" href=\"https:\/\/aweronet-medical.de\/index.php\/kontakt\/\" rel=\"#\">Nehmen Sie Kontakt auf.<\/a><\/div>\n<\/div>\n<\/div>\n<\/div>\n<\/div>\n","protected":false},"excerpt":{"rendered":"<p>Jede Situation ist unterschiedlich und erfordert daher ein H\u00f6chstma\u00df an Erfahrung, Vorstellungskraft und intelligentem Know-how, um optimale Ergebnisse zu erzielen. Dabei ist oft unsere ganze Kreativit\u00e4t gefragt, denn L\u00f6sungen von der Stange sind in vielen F\u00e4llen nicht ausreichend. Wir suchen Mitarbeiter die innovativ, praxisbezogen und pragmatisch arbeiten. Sie sind gew\u00f6hnt mit schwierigen und kopfzerbrechenden Gegebenheiten [&hellip;]<\/p>\n","protected":false},"author":1,"featured_media":0,"parent":0,"menu_order":0,"comment_status":"closed","ping_status":"closed","template":"","meta":{"_uag_custom_page_level_css":"","site-sidebar-layout":"no-sidebar","site-content-layout":"plain-container","ast-site-content-layout":"default","site-content-style":"default","site-sidebar-style":"default","ast-global-header-display":"","ast-banner-title-visibility":"","ast-main-header-display":"","ast-hfb-above-header-display":"","ast-hfb-below-header-display":"","ast-hfb-mobile-header-display":"","site-post-title":"disabled","ast-breadcrumbs-content":"","ast-featured-img":"disabled","footer-sml-layout":"","theme-transparent-header-meta":"enabled","adv-header-id-meta":"","stick-header-meta":"","header-above-stick-meta":"","header-main-stick-meta":"","header-below-stick-meta":"","astra-migrate-meta-layouts":"default","ast-page-background-enabled":"default","ast-page-background-meta":{"desktop":{"background-color":"","background-image":"","background-repeat":"repeat","background-position":"center center","background-size":"auto","background-attachment":"scroll","background-type":"","background-media":"","overlay-type":"","overlay-color":"","overlay-opacity":"","overlay-gradient":""},"tablet":{"background-color":"","background-image":"","background-repeat":"repeat","background-position":"center center","background-size":"auto","background-attachment":"scroll","background-type":"","background-media":"","overlay-type":"","overlay-color":"","overlay-opacity":"","overlay-gradient":""},"mobile":{"background-color":"","background-image":"","background-repeat":"repeat","background-position":"center center","background-size":"auto","background-attachment":"scroll","background-type":"","background-media":"","overlay-type":"","overlay-color":"","overlay-opacity":"","overlay-gradient":""}},"ast-content-background-meta":{"desktop":{"background-color":"var(--ast-global-color-5)","background-image":"","background-repeat":"repeat","background-position":"center center","background-size":"auto","background-attachment":"scroll","background-type":"","background-media":"","overlay-type":"","overlay-color":"","overlay-opacity":"","overlay-gradient":""},"tablet":{"background-color":"var(--ast-global-color-5)","background-image":"","background-repeat":"repeat","background-position":"center center","background-size":"auto","background-attachment":"scroll","background-type":"","background-media":"","overlay-type":"","overlay-color":"","overlay-opacity":"","overlay-gradient":""},"mobile":{"background-color":"var(--ast-global-color-5)","background-image":"","background-repeat":"repeat","background-position":"center center","background-size":"auto","background-attachment":"scroll","background-type":"","background-media":"","overlay-type":"","overlay-color":"","overlay-opacity":"","overlay-gradient":""}},"footnotes":""},"class_list":["post-1403","page","type-page","status-publish","hentry"],"aioseo_notices":[],"uagb_featured_image_src":{"full":false,"thumbnail":false,"medium":false,"medium_large":false,"large":false,"gs-tiny":false,"xl":false,"xxl":false,"xxxl":false,"xxxxl":false,"xxxxxl":false,"1536x1536":false,"2048x2048":false,"woocommerce_thumbnail":false,"woocommerce_single":false,"woocommerce_gallery_thumbnail":false},"uagb_author_info":{"display_name":"am_user","author_link":"https:\/\/aweronet-medical.de\/index.php\/author\/am_user\/"},"uagb_comment_info":0,"uagb_excerpt":"Jede Situation ist unterschiedlich und erfordert daher ein H\u00f6chstma\u00df an Erfahrung, Vorstellungskraft und intelligentem Know-how, um optimale Ergebnisse zu erzielen. Dabei ist oft unsere ganze Kreativit\u00e4t gefragt, denn L\u00f6sungen von der Stange sind in vielen F\u00e4llen nicht ausreichend. Wir suchen Mitarbeiter die innovativ, praxisbezogen und pragmatisch arbeiten. Sie sind gew\u00f6hnt mit schwierigen und kopfzerbrechenden Gegebenheiten&hellip;","_links":{"self":[{"href":"https:\/\/aweronet-medical.de\/index.php\/wp-json\/wp\/v2\/pages\/1403","targetHints":{"allow":["GET"]}}],"collection":[{"href":"https:\/\/aweronet-medical.de\/index.php\/wp-json\/wp\/v2\/pages"}],"about":[{"href":"https:\/\/aweronet-medical.de\/index.php\/wp-json\/wp\/v2\/types\/page"}],"author":[{"embeddable":true,"href":"https:\/\/aweronet-medical.de\/index.php\/wp-json\/wp\/v2\/users\/1"}],"replies":[{"embeddable":true,"href":"https:\/\/aweronet-medical.de\/index.php\/wp-json\/wp\/v2\/comments?post=1403"}],"version-history":[{"count":6,"href":"https:\/\/aweronet-medical.de\/index.php\/wp-json\/wp\/v2\/pages\/1403\/revisions"}],"predecessor-version":[{"id":1639,"href":"https:\/\/aweronet-medical.de\/index.php\/wp-json\/wp\/v2\/pages\/1403\/revisions\/1639"}],"wp:attachment":[{"href":"https:\/\/aweronet-medical.de\/index.php\/wp-json\/wp\/v2\/media?parent=1403"}],"curies":[{"name":"wp","href":"https:\/\/api.w.org\/{rel}","templated":true}]}}