{"id":1242,"date":"2022-01-28T08:39:26","date_gmt":"2022-01-28T07:39:26","guid":{"rendered":"http:\/\/192.168.123.202\/AM\/?page_id=1242"},"modified":"2025-09-23T14:38:41","modified_gmt":"2025-09-23T12:38:41","slug":"clinvision-technik","status":"publish","type":"page","link":"https:\/\/aweronet-medical.de\/index.php\/clinvision\/clinvision-technik\/","title":{"rendered":"CLINVISION Technik"},"content":{"rendered":"\n<div class=\"wp-block-cover alignfull has-parallax is-light\" style=\"min-height:513px;aspect-ratio:unset;\"><div class=\"wp-block-cover__image-background wp-image-1196 has-parallax\" style=\"background-position:50% 50%;background-image:url(https:\/\/aweronet-medical.de\/wp-content\/uploads\/2022\/01\/clinvision_Header.png)\"><\/div><span aria-hidden=\"true\" class=\"wp-block-cover__background has-ast-global-color-2-background-color has-background-dim-50 has-background-dim\"><\/span><div class=\"wp-block-cover__inner-container is-layout-flow wp-block-cover-is-layout-flow\">\n<h1 class=\"wp-block-heading has-text-align-center has-white-color has-text-color\">Clinvision<\/h1>\n\n\n\n<p class=\"has-text-align-center has-ast-global-color-7-color has-text-color has-link-color has-large-font-size wp-elements-49100b77aa4940a5f6ef365f7174c081\"><strong>Displays und Wandkonsolen<\/strong><\/p>\n<\/div><\/div>\n\n\n\n<div class=\"wp-block-group alignfull has-ast-global-color-5-background-color has-background is-layout-flow wp-block-group-is-layout-flow\">\n<div class=\"wp-block-columns is-layout-flex wp-container-core-columns-is-layout-28f84493 wp-block-columns-is-layout-flex\">\n<div class=\"wp-block-column is-layout-flow wp-block-column-is-layout-flow\">\n<h5 class=\"wp-block-heading\">Flexibilit\u00e4t gewinnt in der medizinischen IT immer mehr an Bedeutung.<\/h5>\n\n\n\n<h2 class=\"wp-block-heading\">Ganz egal, ob Nische oder Aufputz: Der CLINVISION  f\u00fcgt sich in jeder Gr\u00f6\u00dfe perfekt im OP ein.<\/h2>\n\n\n\n<p>Die vielf\u00e4ltigen Bauweisen des CLINVISION erm\u00f6glichen die perfekte Integration in jeden OP. Der Einbau erfolgt schnell und kosteng\u00fcnstig dank der einmaligen, modularen Bauweise des CLINVISION.<\/p>\n\n\n\n<p>Die vollverglaste Displayfront aus entspiegeltem Sicherheitsglas kann f\u00fcr Wartungs- und Servicearbeiten werkzeugfrei ge\u00f6ffnet werden. Das Rechnermodul als ganze Einheit, die Tastatur oder die Maus k\u00f6nnen werkzeugfrei binnen Minuten getauscht werden. Dies kann nach kurzer Anlernung auch Ihr hauseigener Techniker, so dass im Servicefall der Aufwand an Zeit und Personal sehr gering gehalten wird und eine eventuelle Ausfallzeit auf ein Minimum reduziert wird.<\/p>\n<\/div>\n\n\n\n<div class=\"wp-block-column is-vertically-aligned-top is-layout-flow wp-block-column-is-layout-flow\">\n<figure class=\"wp-block-image aligncenter size-full\"><img loading=\"lazy\" decoding=\"async\" width=\"2339\" height=\"1654\" src=\"https:\/\/aweronet-medical.de\/wp-content\/uploads\/2025\/09\/aweronet_medical_Bildschirmgroessen_2025_Seite_1.png\" alt=\"\" class=\"wp-image-1749\" srcset=\"https:\/\/aweronet-medical.de\/wp-content\/uploads\/2025\/09\/aweronet_medical_Bildschirmgroessen_2025_Seite_1.png 2339w, https:\/\/aweronet-medical.de\/wp-content\/uploads\/2025\/09\/aweronet_medical_Bildschirmgroessen_2025_Seite_1-300x212.png 300w, https:\/\/aweronet-medical.de\/wp-content\/uploads\/2025\/09\/aweronet_medical_Bildschirmgroessen_2025_Seite_1-1024x724.png 1024w, https:\/\/aweronet-medical.de\/wp-content\/uploads\/2025\/09\/aweronet_medical_Bildschirmgroessen_2025_Seite_1-768x543.png 768w, https:\/\/aweronet-medical.de\/wp-content\/uploads\/2025\/09\/aweronet_medical_Bildschirmgroessen_2025_Seite_1-50x35.png 50w, https:\/\/aweronet-medical.de\/wp-content\/uploads\/2025\/09\/aweronet_medical_Bildschirmgroessen_2025_Seite_1-1600x1131.png 1600w, https:\/\/aweronet-medical.de\/wp-content\/uploads\/2025\/09\/aweronet_medical_Bildschirmgroessen_2025_Seite_1-1536x1086.png 1536w, https:\/\/aweronet-medical.de\/wp-content\/uploads\/2025\/09\/aweronet_medical_Bildschirmgroessen_2025_Seite_1-2048x1448.png 2048w\" sizes=\"auto, (max-width: 2339px) 100vw, 2339px\" \/><figcaption class=\"wp-element-caption\"><strong>Verf\u00fcgbare Bildschirmgr\u00f6\u00dfen<\/strong><\/figcaption><\/figure>\n<\/div>\n<\/div>\n\n\n\n<p>Die CLINVISION GT Displays passen sich bequem Ihrer Umgebung an. Anzahl, Gr\u00f6\u00dfe und Lage der Monitore sind frei w\u00e4hlbar. Sie lassen sich problemlos an die Umgebung im OP-Saal anpassen. Bestimmen Sie Anzahl, Ausrichtung und Gr\u00f6\u00dfe Ihrer Displays und konfigurieren Sie sie passend f\u00fcr Ihre Einsatzsituation. Wahlweise sind die Monitore mit Touchscreen erh\u00e4ltlich.<\/p>\n\n\n\n<p>Ambient Light und DICOM Preset sorgen f\u00fcr eine brillante Darstellung. Die Verwendung von Sicherheitsglas und ein Aluminiumgeh\u00e4use mit Eloxalbeschichtung garantieren h\u00f6chste Sicherheit und hygienische Bedienung. Ob Touchscreen, Picture-in-Picture Modus oder Remote-Bedienung: die CLINVISION Displays lassen sich individuell auf jeden Benutzer zuschneiden.<\/p>\n<\/div>\n\n\n\n<div style=\"height:20px\" aria-hidden=\"true\" class=\"wp-block-spacer\"><\/div>\n\n\n\n<h2 class=\"wp-block-heading\">Einbauweisen <\/h2>\n\n\n\n<div class=\"wp-block-columns is-layout-flex wp-container-core-columns-is-layout-28f84493 wp-block-columns-is-layout-flex\">\n<div class=\"wp-block-column is-layout-flow wp-block-column-is-layout-flow\">\n<figure class=\"wp-block-image size-medium\"><img loading=\"lazy\" decoding=\"async\" width=\"300\" height=\"199\" src=\"https:\/\/aweronet-medical.de\/wp-content\/uploads\/2022\/04\/Nische_fb-01-300x199.png\" alt=\"\" class=\"wp-image-1584\" srcset=\"https:\/\/aweronet-medical.de\/wp-content\/uploads\/2022\/04\/Nische_fb-01-300x199.png 300w, https:\/\/aweronet-medical.de\/wp-content\/uploads\/2022\/04\/Nische_fb-01-768x510.png 768w, https:\/\/aweronet-medical.de\/wp-content\/uploads\/2022\/04\/Nische_fb-01.png 942w\" sizes=\"auto, (max-width: 300px) 100vw, 300px\" \/><figcaption class=\"wp-element-caption\"><strong>Nischeneinbauweise fl\u00e4chenb\u00fcndig<\/strong><\/figcaption><\/figure>\n<\/div>\n\n\n\n<div class=\"wp-block-column is-layout-flow wp-block-column-is-layout-flow\">\n<figure class=\"wp-block-image size-medium\"><img loading=\"lazy\" decoding=\"async\" width=\"300\" height=\"199\" src=\"https:\/\/aweronet-medical.de\/wp-content\/uploads\/2022\/04\/Nische_br-01-300x199.png\" alt=\"\" class=\"wp-image-1586\" srcset=\"https:\/\/aweronet-medical.de\/wp-content\/uploads\/2022\/04\/Nische_br-01-300x199.png 300w, https:\/\/aweronet-medical.de\/wp-content\/uploads\/2022\/04\/Nische_br-01-768x510.png 768w, https:\/\/aweronet-medical.de\/wp-content\/uploads\/2022\/04\/Nische_br-01.png 942w\" sizes=\"auto, (max-width: 300px) 100vw, 300px\" \/><figcaption class=\"wp-element-caption\"><strong>Nischeneinbauweise mit Blendrahmen<\/strong><\/figcaption><\/figure>\n<\/div>\n\n\n\n<div class=\"wp-block-column is-layout-flow wp-block-column-is-layout-flow\">\n<figure class=\"wp-block-image size-medium\"><img loading=\"lazy\" decoding=\"async\" width=\"300\" height=\"203\" src=\"https:\/\/aweronet-medical.de\/wp-content\/uploads\/2022\/04\/Aufputz-01-300x203.png\" alt=\"aweronet medical, clinvision, Aufputz\" class=\"wp-image-1587\" srcset=\"https:\/\/aweronet-medical.de\/wp-content\/uploads\/2022\/04\/Aufputz-01-300x203.png 300w, https:\/\/aweronet-medical.de\/wp-content\/uploads\/2022\/04\/Aufputz-01-768x520.png 768w, https:\/\/aweronet-medical.de\/wp-content\/uploads\/2022\/04\/Aufputz-01.png 942w\" sizes=\"auto, (max-width: 300px) 100vw, 300px\" \/><figcaption class=\"wp-element-caption\"><strong>Aufputzbauweise<\/strong><\/figcaption><\/figure>\n<\/div>\n<\/div>\n\n\n\n<div class=\"wp-block-group alignfull has-ast-global-color-5-background-color has-background is-layout-flow wp-block-group-is-layout-flow\">\n<table id=\"tablepress-1\" class=\"tablepress tablepress-id-1\">\n<thead>\n<tr class=\"row-1\">\n\t<th class=\"column-1\">Modell<\/th><th class=\"column-2\">Technisches Datenblatt<\/th><th class=\"column-3\">Artikelnummer<\/th>\n<\/tr>\n<\/thead>\n<tbody class=\"row-striping\">\n<tr class=\"row-2\">\n\t<td class=\"column-1\">CLINVISION 27GTI 4K<\/td><td class=\"column-2\"><a href=\"https:\/\/aweronet-medical.de\/wp-content\/uploads\/2025\/09\/TD_9201879_clinvision27GTI4K_0723.pdf\" rel=\"noopener\" target=\"_blank\">Download<\/a><\/td><td class=\"column-3\">9201879<\/td>\n<\/tr>\n<tr class=\"row-3\">\n\t<td class=\"column-1\">CLINVISION 27GTI HL 4K<\/td><td class=\"column-2\"><a href=\"https:\/\/aweronet-medical.de\/wp-content\/uploads\/2025\/09\/TD_9201970_clinvision27GTI_HL_0824.pdf\" rel=\"noopener\" target=\"_blank\">Download<\/a><\/td><td class=\"column-3\">9201970<\/td>\n<\/tr>\n<tr class=\"row-4\">\n\t<td class=\"column-1\">CLINVISION 43GT 4K<\/td><td class=\"column-2\"><a href=\"https:\/\/aweronet-medical.de\/wp-content\/uploads\/2025\/09\/TD_9201789_clinvision43GT4K_Display_0924.pdf\" rel=\"noopener\" target=\"_blank\">Download<\/a><\/td><td class=\"column-3\">9201789<\/td>\n<\/tr>\n<tr class=\"row-5\">\n\t<td class=\"column-1\">CLINVISION 55GT HL 4K<\/td><td class=\"column-2\"><a href=\"https:\/\/aweronet-medical.de\/wp-content\/uploads\/2025\/09\/TD_9202032_clinvision55GT_HL_1224-1.pdf\" rel=\"noopener\" target=\"_blank\">Download<\/a><\/td><td class=\"column-3\">9202032<\/td>\n<\/tr>\n<tr class=\"row-6\">\n\t<td class=\"column-1\">CLINVISION 55GT DISPLAY  4K<\/td><td class=\"column-2\"><a href=\"https:\/\/aweronet-medical.de\/wp-content\/uploads\/2025\/09\/TD_9200813_clinvision55GT4KDisplay_VSG_0824.pdf\" rel=\"noopener\" target=\"_blank\">Download<\/a><\/td><td class=\"column-3\">9200813<\/td>\n<\/tr>\n<tr class=\"row-7\">\n\t<td class=\"column-1\">CLINVISION 65GT DISPLAY 4K<\/td><td class=\"column-2\"><a href=\"https:\/\/aweronet-medical.de\/wp-content\/uploads\/2025\/09\/TD_9201247_clinvision65GT4KDisplay_0322.pdf\" rel=\"noopener\" target=\"_blank\">Download<\/a><\/td><td class=\"column-3\">9201247<\/td>\n<\/tr>\n<tr class=\"row-8\">\n\t<td class=\"column-1\">CLINVISION 75GT DISPLAY 4K<\/td><td class=\"column-2\"><a href=\"https:\/\/aweronet-medical.de\/wp-content\/uploads\/2022\/04\/TD_9200813_clinvision75GT4KDisplay_0322.pdf\" rel=\"noopener\" target=\"_blank\">Download<\/a><\/td><td class=\"column-3\">9201152<\/td>\n<\/tr>\n<\/tbody>\n<\/table>\n<!-- #tablepress-1 from cache -->\n<\/div>\n\n\n\n<div class=\"wp-block-group alignfull has-ast-global-color-6-background-color has-background is-layout-flow wp-block-group-is-layout-flow\">\n<div class=\"wp-block-columns are-vertically-aligned-center is-layout-flex wp-container-core-columns-is-layout-28f84493 wp-block-columns-is-layout-flex\">\n<div class=\"wp-block-column is-vertically-aligned-center is-layout-flow wp-block-column-is-layout-flow\" style=\"flex-basis:66.66%\">\n<h2 class=\"wp-block-heading has-text-align-center\">Haben Sie noch Fragen?<\/h2>\n<\/div>\n\n\n\n<div class=\"wp-block-column is-vertically-aligned-center is-layout-flow wp-block-column-is-layout-flow\" style=\"flex-basis:33.33%\">\n<div class=\"wp-block-buttons is-horizontal is-content-justification-center is-layout-flex wp-container-core-buttons-is-layout-03627597 wp-block-buttons-is-layout-flex\">\n<div class=\"wp-block-button\"><a class=\"wp-block-button__link wp-element-button\" href=\"https:\/\/aweronet-medical.de\/index.php\/kontakt\/\" rel=\"#\">Nehmen Sie Kontakt auf.<\/a><\/div>\n<\/div>\n<\/div>\n<\/div>\n<\/div>\n","protected":false},"excerpt":{"rendered":"<p>Flexibilit\u00e4t gewinnt in der medizinischen IT immer mehr an Bedeutung. Ganz egal, ob Nische oder Aufputz: Der CLINVISION f\u00fcgt sich in jeder Gr\u00f6\u00dfe perfekt im OP ein. Die vielf\u00e4ltigen Bauweisen des CLINVISION erm\u00f6glichen die perfekte Integration in jeden OP. Der Einbau erfolgt schnell und kosteng\u00fcnstig dank der einmaligen, modularen Bauweise des CLINVISION. Die vollverglaste Displayfront [&hellip;]<\/p>\n","protected":false},"author":1,"featured_media":0,"parent":964,"menu_order":0,"comment_status":"closed","ping_status":"closed","template":"","meta":{"_uag_custom_page_level_css":"","site-sidebar-layout":"no-sidebar","site-content-layout":"plain-container","ast-site-content-layout":"normal-width-container","site-content-style":"unboxed","site-sidebar-style":"unboxed","ast-global-header-display":"","ast-banner-title-visibility":"","ast-main-header-display":"","ast-hfb-above-header-display":"","ast-hfb-below-header-display":"","ast-hfb-mobile-header-display":"","site-post-title":"disabled","ast-breadcrumbs-content":"","ast-featured-img":"disabled","footer-sml-layout":"","theme-transparent-header-meta":"enabled","adv-header-id-meta":"","stick-header-meta":"","header-above-stick-meta":"","header-main-stick-meta":"","header-below-stick-meta":"","astra-migrate-meta-layouts":"set","ast-page-background-enabled":"default","ast-page-background-meta":{"desktop":{"background-color":"","background-image":"","background-repeat":"repeat","background-position":"center center","background-size":"auto","background-attachment":"scroll","background-type":"","background-media":"","overlay-type":"","overlay-color":"","overlay-opacity":"","overlay-gradient":""},"tablet":{"background-color":"","background-image":"","background-repeat":"repeat","background-position":"center center","background-size":"auto","background-attachment":"scroll","background-type":"","background-media":"","overlay-type":"","overlay-color":"","overlay-opacity":"","overlay-gradient":""},"mobile":{"background-color":"","background-image":"","background-repeat":"repeat","background-position":"center center","background-size":"auto","background-attachment":"scroll","background-type":"","background-media":"","overlay-type":"","overlay-color":"","overlay-opacity":"","overlay-gradient":""}},"ast-content-background-meta":{"desktop":{"background-color":"var(--ast-global-color-5)","background-image":"","background-repeat":"repeat","background-position":"center center","background-size":"auto","background-attachment":"scroll","background-type":"","background-media":"","overlay-type":"","overlay-color":"","overlay-opacity":"","overlay-gradient":""},"tablet":{"background-color":"var(--ast-global-color-5)","background-image":"","background-repeat":"repeat","background-position":"center center","background-size":"auto","background-attachment":"scroll","background-type":"","background-media":"","overlay-type":"","overlay-color":"","overlay-opacity":"","overlay-gradient":""},"mobile":{"background-color":"var(--ast-global-color-5)","background-image":"","background-repeat":"repeat","background-position":"center center","background-size":"auto","background-attachment":"scroll","background-type":"","background-media":"","overlay-type":"","overlay-color":"","overlay-opacity":"","overlay-gradient":""}},"footnotes":""},"class_list":["post-1242","page","type-page","status-publish","hentry"],"aioseo_notices":[],"uagb_featured_image_src":{"full":false,"thumbnail":false,"medium":false,"medium_large":false,"large":false,"gs-tiny":false,"xl":false,"xxl":false,"xxxl":false,"xxxxl":false,"xxxxxl":false,"1536x1536":false,"2048x2048":false,"woocommerce_thumbnail":false,"woocommerce_single":false,"woocommerce_gallery_thumbnail":false},"uagb_author_info":{"display_name":"am_user","author_link":"https:\/\/aweronet-medical.de\/index.php\/author\/am_user\/"},"uagb_comment_info":0,"uagb_excerpt":"Flexibilit\u00e4t gewinnt in der medizinischen IT immer mehr an Bedeutung. Ganz egal, ob Nische oder Aufputz: Der CLINVISION f\u00fcgt sich in jeder Gr\u00f6\u00dfe perfekt im OP ein. Die vielf\u00e4ltigen Bauweisen des CLINVISION erm\u00f6glichen die perfekte Integration in jeden OP. Der Einbau erfolgt schnell und kosteng\u00fcnstig dank der einmaligen, modularen Bauweise des CLINVISION. Die vollverglaste Displayfront&hellip;","_links":{"self":[{"href":"https:\/\/aweronet-medical.de\/index.php\/wp-json\/wp\/v2\/pages\/1242","targetHints":{"allow":["GET"]}}],"collection":[{"href":"https:\/\/aweronet-medical.de\/index.php\/wp-json\/wp\/v2\/pages"}],"about":[{"href":"https:\/\/aweronet-medical.de\/index.php\/wp-json\/wp\/v2\/types\/page"}],"author":[{"embeddable":true,"href":"https:\/\/aweronet-medical.de\/index.php\/wp-json\/wp\/v2\/users\/1"}],"replies":[{"embeddable":true,"href":"https:\/\/aweronet-medical.de\/index.php\/wp-json\/wp\/v2\/comments?post=1242"}],"version-history":[{"count":22,"href":"https:\/\/aweronet-medical.de\/index.php\/wp-json\/wp\/v2\/pages\/1242\/revisions"}],"predecessor-version":[{"id":1750,"href":"https:\/\/aweronet-medical.de\/index.php\/wp-json\/wp\/v2\/pages\/1242\/revisions\/1750"}],"up":[{"embeddable":true,"href":"https:\/\/aweronet-medical.de\/index.php\/wp-json\/wp\/v2\/pages\/964"}],"wp:attachment":[{"href":"https:\/\/aweronet-medical.de\/index.php\/wp-json\/wp\/v2\/media?parent=1242"}],"curies":[{"name":"wp","href":"https:\/\/api.w.org\/{rel}","templated":true}]}}